{"id":1684,"date":"2024-10-08T10:00:43","date_gmt":"2024-10-08T10:00:43","guid":{"rendered":"http:\/\/www.nicdarkthemes.com\/themes\/seafood\/wp\/demo\/restaurant\/?page_id=1684"},"modified":"2024-10-11T10:55:10","modified_gmt":"2024-10-11T10:55:10","slug":"blog","status":"publish","type":"page","link":"https:\/\/sahruzseyda.com\/en\/blog\/","title":{"rendered":"Blog"},"content":{"rendered":"<div data-elementor-type=\"wp-page\" data-elementor-id=\"1684\" class=\"elementor elementor-1684\" data-elementor-post-type=\"page\">\n\t\t\t\t\t\t<section class=\"elementor-section elementor-top-section elementor-element elementor-element-2464f46a elementor-section-stretched elementor-section-boxed elementor-section-height-default elementor-section-height-default\" data-id=\"2464f46a\" data-element_type=\"section\" data-settings=\"{&quot;stretch_section&quot;:&quot;section-stretched&quot;,&quot;background_background&quot;:&quot;classic&quot;}\">\n\t\t\t\t\t\t\t<div class=\"elementor-background-overlay\"><\/div>\n\t\t\t\t\t\t\t<div class=\"elementor-container elementor-column-gap-default\">\n\t\t\t\t\t<div class=\"elementor-column elementor-col-33 elementor-top-column elementor-element elementor-element-6b28ee61\" data-id=\"6b28ee61\" data-element_type=\"column\">\n\t\t\t<div class=\"elementor-widget-wrap\">\n\t\t\t\t\t\t\t<\/div>\n\t\t<\/div>\n\t\t\t\t<div class=\"elementor-column elementor-col-33 elementor-top-column elementor-element elementor-element-7f93502\" data-id=\"7f93502\" data-element_type=\"column\">\n\t\t\t<div class=\"elementor-widget-wrap elementor-element-populated\">\n\t\t\t\t\t\t<div class=\"elementor-element elementor-element-c92f5d0 elementor-widget elementor-widget-heading\" data-id=\"c92f5d0\" data-element_type=\"widget\" data-widget_type=\"heading.default\">\n\t\t\t\t<div class=\"elementor-widget-container\">\n\t\t\t<h2 class=\"elementor-heading-title elementor-size-default\">NEWS &amp; ARTICLES FROM US<\/h2>\t\t<\/div>\n\t\t\t\t<\/div>\n\t\t\t\t<div class=\"elementor-element elementor-element-2dd6f5d elementor-widget elementor-widget-heading\" data-id=\"2dd6f5d\" data-element_type=\"widget\" data-widget_type=\"heading.default\">\n\t\t\t\t<div class=\"elementor-widget-container\">\n\t\t\t<p class=\"elementor-heading-title elementor-size-default\">You can access our latest news and medical articles on this page.<\/p>\t\t<\/div>\n\t\t\t\t<\/div>\n\t\t\t\t\t<\/div>\n\t\t<\/div>\n\t\t\t\t<div class=\"elementor-column elementor-col-33 elementor-top-column elementor-element elementor-element-55d4ef5b\" data-id=\"55d4ef5b\" data-element_type=\"column\">\n\t\t\t<div class=\"elementor-widget-wrap\">\n\t\t\t\t\t\t\t<\/div>\n\t\t<\/div>\n\t\t\t\t\t<\/div>\n\t\t<\/section>\n\t\t\t\t<section class=\"elementor-section elementor-top-section elementor-element elementor-element-2eb93ada elementor-section-full_width elementor-section-content-bottom elementor-section-height-default elementor-section-height-default\" data-id=\"2eb93ada\" data-element_type=\"section\">\n\t\t\t\t\t\t<div class=\"elementor-container elementor-column-gap-default\">\n\t\t\t\t\t<div class=\"elementor-column elementor-col-50 elementor-top-column elementor-element elementor-element-5d714552\" data-id=\"5d714552\" data-element_type=\"column\">\n\t\t\t<div class=\"elementor-widget-wrap elementor-element-populated\">\n\t\t\t\t\t\t<div class=\"elementor-element elementor-element-3c548ab1 elementor-invisible elementor-widget elementor-widget-postgrid\" data-id=\"3c548ab1\" data-element_type=\"widget\" data-settings=\"{&quot;_animation&quot;:&quot;fadeInUp&quot;}\" data-widget_type=\"postgrid.default\">\n\t\t\t\t<div class=\"elementor-widget-container\">\n\t\t\t\n<div class=\"nd_elements_section nd_elements_masonry_content nd_elements_posgrid_widget_l2\">\n    \t<div class=\"nd_elements_width_50_percentage nd_elements_width_100_percentage_responsive nd_elements_float_left nd_elements_masonry_item nd_elements_padding_15 nd_elements_box_sizing_border_box\">\n\n    \t\t<div class=\"nd_elements_section nd_elements_background_color_fff nd_elements_box_shadow_0_0_15_0_0001\">\n\n\t    \t\t<div class=\"nd_elements_section nd_elements_padding_40 nd_elements_padding_20_iphone nd_elements_box_sizing_border_box\">\n\t    \t\t \n\t    \t\t\t\n\t\t    <p class=\"nd_elements_margin_0_important nd_elements_padding_0 nd_elements_posgrid_widget_l2_cat nd_elements_letter_spacing_1 nd_elements_font_size_13 nd_elements_text_transform_uppercase nd_elements_line_height_13 nd_elements_padding_left_15 nd_elements_border_left_style_solid nd_elements_border_width_2\">Health<\/p>\n\t\t    <div class=\"nd_elements_section nd_elements_height_10\"><\/div>\n\t\t    \n\n\t\t\t    \t<a class=\"nd_elements_section\" href=\"https:\/\/sahruzseyda.com\/en\/septorinoplasti\/\">\n\t\t\t    \t\t<h3 class=\"nd_elements_font_size_23 nd_elements_word_break_break_word nd_elements_posgrid_widget_l2_title nd_elements_font_size_20_iphone nd_elements_line_height_23 nd_elements_margin_0_important nd_elements_letter_spacing_1\"><strong>Septorinoplasti<\/strong><\/h3>\n\t\t\t    \t<\/a>\n\t\t\t    \t\n\t\t\t    \t<div class=\"nd_elements_section nd_elements_height_20\"><\/div>\n\t\t\t    \t<p class=\"nd_elements_font_size_15 nd_elements_section nd_elements_posgrid_widget_l2_excerpt nd_elements_margin_0_important\">A Comprehensive Guide to Nasal Health and Aesthetics Septorhinoplasty, a combination of septorhinoplasty and rhinoplasty, is a surgical procedure designed to address both functional and aesthetic concerns of the nose.\n<\/p>\n\t\t\t    \t<div class=\"nd_elements_section nd_elements_height_20\"><\/div>\n\t\t\t    \t\n\t\t\t    \t<a class=\"nd_elements_padding_10_20 nd_options_color_white nd_elements_font_size_13 nd_elements_posgrid_widget_l2_button nd_elements_line_height_13\" style=\"background-color:#65bdc2\" href=\"https:\/\/sahruzseyda.com\/en\/septorinoplasti\/\"><strong>Devam\u0131..<\/strong><\/a>\n\t\t\t    \t\n\t\t\t\t<\/div>\n\n\t\t\t<\/div>\n\t    \t\n\t\t<\/div>\n    \t<div class=\"nd_elements_width_50_percentage nd_elements_width_100_percentage_responsive nd_elements_float_left nd_elements_masonry_item nd_elements_padding_15 nd_elements_box_sizing_border_box\">\n\n    \t\t<div class=\"nd_elements_section nd_elements_background_color_fff nd_elements_box_shadow_0_0_15_0_0001\">\n\n\t    \t\t<div class=\"nd_elements_section nd_elements_padding_40 nd_elements_padding_20_iphone nd_elements_box_sizing_border_box\">\n\t    \t\t \n\t    \t\t\t\n\t\t    <p class=\"nd_elements_margin_0_important nd_elements_padding_0 nd_elements_posgrid_widget_l2_cat nd_elements_letter_spacing_1 nd_elements_font_size_13 nd_elements_text_transform_uppercase nd_elements_line_height_13 nd_elements_padding_left_15 nd_elements_border_left_style_solid nd_elements_border_width_2\">Health<\/p>\n\t\t    <div class=\"nd_elements_section nd_elements_height_10\"><\/div>\n\t\t    \n\n\t\t\t    \t<a class=\"nd_elements_section\" href=\"https:\/\/sahruzseyda.com\/en\/burun-ameliyati-oncesi-yapilmasi-gerekenler\/\">\n\t\t\t    \t\t<h3 class=\"nd_elements_font_size_23 nd_elements_word_break_break_word nd_elements_posgrid_widget_l2_title nd_elements_font_size_20_iphone nd_elements_line_height_23 nd_elements_margin_0_important nd_elements_letter_spacing_1\"><strong>What to Do Before Nose Surgery<\/strong><\/h3>\n\t\t\t    \t<\/a>\n\t\t\t    \t\n\t\t\t    \t<div class=\"nd_elements_section nd_elements_height_20\"><\/div>\n\t\t\t    \t<p class=\"nd_elements_font_size_15 nd_elements_section nd_elements_posgrid_widget_l2_excerpt nd_elements_margin_0_important\">Rhinoplasty is a delicate surgical procedure performed for aesthetic and functional reasons. Achieving optimal results requires meticulous preparation before the operation. Patients are required to take blood thinners and certain...<\/p>\n\t\t\t    \t<div class=\"nd_elements_section nd_elements_height_20\"><\/div>\n\t\t\t    \t\n\t\t\t    \t<a class=\"nd_elements_padding_10_20 nd_options_color_white nd_elements_font_size_13 nd_elements_posgrid_widget_l2_button nd_elements_line_height_13\" style=\"background-color:#65bdc2\" href=\"https:\/\/sahruzseyda.com\/en\/burun-ameliyati-oncesi-yapilmasi-gerekenler\/\"><strong>Devam\u0131..<\/strong><\/a>\n\t\t\t    \t\n\t\t\t\t<\/div>\n\n\t\t\t<\/div>\n\t    \t\n\t\t<\/div>\n    \t<div class=\"nd_elements_width_50_percentage nd_elements_width_100_percentage_responsive nd_elements_float_left nd_elements_masonry_item nd_elements_padding_15 nd_elements_box_sizing_border_box\">\n\n    \t\t<div class=\"nd_elements_section nd_elements_background_color_fff nd_elements_box_shadow_0_0_15_0_0001\">\n\n\t    \t\t<div class=\"nd_elements_section nd_elements_padding_40 nd_elements_padding_20_iphone nd_elements_box_sizing_border_box\">\n\t    \t\t \n\t    \t\t\t\n\t\t    <p class=\"nd_elements_margin_0_important nd_elements_padding_0 nd_elements_posgrid_widget_l2_cat nd_elements_letter_spacing_1 nd_elements_font_size_13 nd_elements_text_transform_uppercase nd_elements_line_height_13 nd_elements_padding_left_15 nd_elements_border_left_style_solid nd_elements_border_width_2\">Health<\/p>\n\t\t    <div class=\"nd_elements_section nd_elements_height_10\"><\/div>\n\t\t    \n\n\t\t\t    \t<a class=\"nd_elements_section\" href=\"https:\/\/sahruzseyda.com\/en\/burun-ameliyati-sonrasi-yasaklar-nelerdir\/\">\n\t\t\t    \t\t<h3 class=\"nd_elements_font_size_23 nd_elements_word_break_break_word nd_elements_posgrid_widget_l2_title nd_elements_font_size_20_iphone nd_elements_line_height_23 nd_elements_margin_0_important nd_elements_letter_spacing_1\"><strong>What are the Prohibitions After Nose Surgery?<\/strong><\/h3>\n\t\t\t    \t<\/a>\n\t\t\t    \t\n\t\t\t    \t<div class=\"nd_elements_section nd_elements_height_20\"><\/div>\n\t\t\t    \t<p class=\"nd_elements_font_size_15 nd_elements_section nd_elements_posgrid_widget_l2_excerpt nd_elements_margin_0_important\">There are important prohibitions that patients undergoing rhinoplasty should be aware of. Some activities should be limited in the postoperative period to support healing. <\/p>\n\t\t\t    \t<div class=\"nd_elements_section nd_elements_height_20\"><\/div>\n\t\t\t    \t\n\t\t\t    \t<a class=\"nd_elements_padding_10_20 nd_options_color_white nd_elements_font_size_13 nd_elements_posgrid_widget_l2_button nd_elements_line_height_13\" style=\"background-color:#65bdc2\" href=\"https:\/\/sahruzseyda.com\/en\/burun-ameliyati-sonrasi-yasaklar-nelerdir\/\"><strong>Devam\u0131..<\/strong><\/a>\n\t\t\t    \t\n\t\t\t\t<\/div>\n\n\t\t\t<\/div>\n\t    \t\n\t\t<\/div>\n<\/div>\t\t<\/div>\n\t\t\t\t<\/div>\n\t\t\t\t\t<\/div>\n\t\t<\/div>\n\t\t\t\t<div class=\"elementor-column elementor-col-50 elementor-top-column elementor-element elementor-element-45e53137\" data-id=\"45e53137\" data-element_type=\"column\">\n\t\t\t<div class=\"elementor-widget-wrap elementor-element-populated\">\n\t\t\t\t\t\t<div class=\"elementor-element elementor-element-1bc2d138 elementor-widget elementor-widget-spacer\" data-id=\"1bc2d138\" data-element_type=\"widget\" data-widget_type=\"spacer.default\">\n\t\t\t\t<div class=\"elementor-widget-container\">\n\t\t\t\t\t<div class=\"elementor-spacer\">\n\t\t\t<div class=\"elementor-spacer-inner\"><\/div>\n\t\t<\/div>\n\t\t\t\t<\/div>\n\t\t\t\t<\/div>\n\t\t\t\t<div class=\"elementor-element elementor-element-7abe7f98 elementor-hidden-tablet elementor-hidden-phone elementor-invisible elementor-widget elementor-widget-heading\" data-id=\"7abe7f98\" data-element_type=\"widget\" data-settings=\"{&quot;_animation&quot;:&quot;fadeInRight&quot;}\" data-widget_type=\"heading.default\">\n\t\t\t\t<div class=\"elementor-widget-container\">\n\t\t\t<h1 class=\"elementor-heading-title elementor-size-default\">News<\/h1>\t\t<\/div>\n\t\t\t\t<\/div>\n\t\t\t\t<div class=\"elementor-element elementor-element-22dc746 elementor-widget elementor-widget-postgrid\" data-id=\"22dc746\" data-element_type=\"widget\" data-widget_type=\"postgrid.default\">\n\t\t\t\t<div class=\"elementor-widget-container\">\n\t\t\t\n<div class=\"nd_elements_section nd_elements_masonry_content nd_elements_posgrid_widget_l3\">\n    \t<div class=\"nd_elements_width_100_percentage nd_elements_width_100_percentage_responsive nd_elements_float_left nd_elements_masonry_item nd_elements_padding_15 nd_elements_box_sizing_border_box\">\n\n    \t\t<div class=\"nd_elements_section nd_elements_position_relative\">\n\n    \t\t\t<a href=\"https:\/\/sahruzseyda.com\/en\/septorinoplasti\/\"><img decoding=\"async\" width=\"100\" class=\"nd_elements_position_absolute nd_elements_top_0 nd_elements_left_0\" alt=\"\" src=\"https:\/\/sahruzseyda.com\/wp-content\/uploads\/2024\/10\/rinoplasti-03-150x150.jpg\"><\/a>\n\n\t    \t\t<div class=\"nd_elements_section nd_elements_padding_left_120 nd_elements_box_sizing_border_box\">\n\n\t\t\t    \t<a class=\"nd_elements_section\" href=\"https:\/\/sahruzseyda.com\/en\/septorinoplasti\/\">\n\t\t\t    \t\t<h4 class=\"nd_elements_word_break_break_word nd_elements_font_size_20_iphone nd_elements_line_height_23 nd_elements_margin_0_important nd_elements_letter_spacing_1\"><strong>Septorinoplasti<\/strong><\/h4>\n\t\t\t    \t<\/a>\n\t\t\t    \t\n\t\t\t    \t<div class=\"nd_elements_section nd_elements_height_15\"><\/div>\n\n\t\t\t    \t\n\t\t    <p class=\"nd_elements_section nd_elements_margin_0_important nd_elements_padding_0 nd_elements_letter_spacing_1 nd_elements_font_size_13 nd_elements_text_transform_uppercase nd_elements_line_height_13\">Health<\/p>\n\t\t    \n\n\t\t\t    \t<div class=\"nd_elements_section nd_elements_height_20\"><\/div>\n\t\t\t    \t\n\t\t\t    \t<a class=\"nd_elements_padding_5_10 nd_options_color_white nd_elements_font_size_13 nd_elements_line_height_13\" style=\"background-color:#65bdc2\" href=\"https:\/\/sahruzseyda.com\/en\/septorinoplasti\/\"><strong>READ MORE<\/strong><\/a>\n\n\t\t\t    \t\n\t\t\t    \t\n\t\t\t\t<\/div>\n\n\t\t\t<\/div>\n\t    \t\n\t\t<\/div>\n    \t<div class=\"nd_elements_width_100_percentage nd_elements_width_100_percentage_responsive nd_elements_float_left nd_elements_masonry_item nd_elements_padding_15 nd_elements_box_sizing_border_box\">\n\n    \t\t<div class=\"nd_elements_section nd_elements_position_relative\">\n\n    \t\t\t<a href=\"https:\/\/sahruzseyda.com\/en\/burun-ameliyati-sonrasi-yasaklar-nelerdir\/\"><img decoding=\"async\" width=\"100\" class=\"nd_elements_position_absolute nd_elements_top_0 nd_elements_left_0\" alt=\"\" src=\"https:\/\/sahruzseyda.com\/wp-content\/uploads\/2024\/10\/home-01-150x150.jpg\"><\/a>\n\n\t    \t\t<div class=\"nd_elements_section nd_elements_padding_left_120 nd_elements_box_sizing_border_box\">\n\n\t\t\t    \t<a class=\"nd_elements_section\" href=\"https:\/\/sahruzseyda.com\/en\/burun-ameliyati-sonrasi-yasaklar-nelerdir\/\">\n\t\t\t    \t\t<h4 class=\"nd_elements_word_break_break_word nd_elements_font_size_20_iphone nd_elements_line_height_23 nd_elements_margin_0_important nd_elements_letter_spacing_1\"><strong>What are the Prohibitions After Nose Surgery?<\/strong><\/h4>\n\t\t\t    \t<\/a>\n\t\t\t    \t\n\t\t\t    \t<div class=\"nd_elements_section nd_elements_height_15\"><\/div>\n\n\t\t\t    \t\n\t\t    <p class=\"nd_elements_section nd_elements_margin_0_important nd_elements_padding_0 nd_elements_letter_spacing_1 nd_elements_font_size_13 nd_elements_text_transform_uppercase nd_elements_line_height_13\">Health<\/p>\n\t\t    \n\n\t\t\t    \t<div class=\"nd_elements_section nd_elements_height_20\"><\/div>\n\t\t\t    \t\n\t\t\t    \t<a class=\"nd_elements_padding_5_10 nd_options_color_white nd_elements_font_size_13 nd_elements_line_height_13\" style=\"background-color:#65bdc2\" href=\"https:\/\/sahruzseyda.com\/en\/burun-ameliyati-sonrasi-yasaklar-nelerdir\/\"><strong>READ MORE<\/strong><\/a>\n\n\t\t\t    \t\n\t\t\t    \t\n\t\t\t\t<\/div>\n\n\t\t\t<\/div>\n\t    \t\n\t\t<\/div>\n    \t<div class=\"nd_elements_width_100_percentage nd_elements_width_100_percentage_responsive nd_elements_float_left nd_elements_masonry_item nd_elements_padding_15 nd_elements_box_sizing_border_box\">\n\n    \t\t<div class=\"nd_elements_section nd_elements_position_relative\">\n\n    \t\t\t<a href=\"https:\/\/sahruzseyda.com\/en\/burun-ameliyati-oncesi-yapilmasi-gerekenler\/\"><img decoding=\"async\" width=\"100\" class=\"nd_elements_position_absolute nd_elements_top_0 nd_elements_left_0\" alt=\"\" src=\"https:\/\/sahruzseyda.com\/wp-content\/uploads\/2024\/10\/rinoplasti-03-150x150.jpg\"><\/a>\n\n\t    \t\t<div class=\"nd_elements_section nd_elements_padding_left_120 nd_elements_box_sizing_border_box\">\n\n\t\t\t    \t<a class=\"nd_elements_section\" href=\"https:\/\/sahruzseyda.com\/en\/burun-ameliyati-oncesi-yapilmasi-gerekenler\/\">\n\t\t\t    \t\t<h4 class=\"nd_elements_word_break_break_word nd_elements_font_size_20_iphone nd_elements_line_height_23 nd_elements_margin_0_important nd_elements_letter_spacing_1\"><strong>What to Do Before Nose Surgery<\/strong><\/h4>\n\t\t\t    \t<\/a>\n\t\t\t    \t\n\t\t\t    \t<div class=\"nd_elements_section nd_elements_height_15\"><\/div>\n\n\t\t\t    \t\n\t\t    <p class=\"nd_elements_section nd_elements_margin_0_important nd_elements_padding_0 nd_elements_letter_spacing_1 nd_elements_font_size_13 nd_elements_text_transform_uppercase nd_elements_line_height_13\">Health<\/p>\n\t\t    \n\n\t\t\t    \t<div class=\"nd_elements_section nd_elements_height_20\"><\/div>\n\t\t\t    \t\n\t\t\t    \t<a class=\"nd_elements_padding_5_10 nd_options_color_white nd_elements_font_size_13 nd_elements_line_height_13\" style=\"background-color:#65bdc2\" href=\"https:\/\/sahruzseyda.com\/en\/burun-ameliyati-oncesi-yapilmasi-gerekenler\/\"><strong>READ MORE<\/strong><\/a>\n\n\t\t\t    \t\n\t\t\t    \t\n\t\t\t\t<\/div>\n\n\t\t\t<\/div>\n\t    \t\n\t\t<\/div>\n<\/div>\t\t<\/div>\n\t\t\t\t<\/div>\n\t\t\t\t\t<\/div>\n\t\t<\/div>\n\t\t\t\t\t<\/div>\n\t\t<\/section>\n\t\t\t\t<\/div>","protected":false},"excerpt":{"rendered":"<p>B\u0130ZDEN HABERLER &amp; MAKALELER Son haberlerimize ve t\u0131bb\u0131 makalelerimize bu sayfam\u0131zdan ula\u015fabilirsiniz. Sa\u011fl\u0131k Septorinoplasti Burun Sa\u011fl\u0131\u011f\u0131 ve Esteti\u011fine \u0130li\u015fkin Kapsaml\u0131 Bir Rehber Septoplasti ve rinoplastinin birle\u015fimi olan septorinoplasti, burnun hem fonksiyonel hem de estetik kayg\u0131lar\u0131n\u0131 gidermek i\u00e7in tasarlanm\u0131\u015f bir cerrahi i\u015flemdir. READ MORE Sa\u011fl\u0131k Burun Ameliyat\u0131 \u00d6ncesi Yap\u0131lmas\u0131 Gerekenler Rinoplasti estetik ve fonksiyonel nedenlerle yap\u0131lan [&hellip;]<\/p>","protected":false},"author":1,"featured_media":0,"parent":0,"menu_order":0,"comment_status":"closed","ping_status":"closed","template":"","meta":{"footnotes":""},"class_list":["post-1684","page","type-page","status-publish","hentry"],"_links":{"self":[{"href":"https:\/\/sahruzseyda.com\/en\/wp-json\/wp\/v2\/pages\/1684","targetHints":{"allow":["GET"]}}],"collection":[{"href":"https:\/\/sahruzseyda.com\/en\/wp-json\/wp\/v2\/pages"}],"about":[{"href":"https:\/\/sahruzseyda.com\/en\/wp-json\/wp\/v2\/types\/page"}],"author":[{"embeddable":true,"href":"https:\/\/sahruzseyda.com\/en\/wp-json\/wp\/v2\/users\/1"}],"replies":[{"embeddable":true,"href":"https:\/\/sahruzseyda.com\/en\/wp-json\/wp\/v2\/comments?post=1684"}],"version-history":[{"count":67,"href":"https:\/\/sahruzseyda.com\/en\/wp-json\/wp\/v2\/pages\/1684\/revisions"}],"predecessor-version":[{"id":13492,"href":"https:\/\/sahruzseyda.com\/en\/wp-json\/wp\/v2\/pages\/1684\/revisions\/13492"}],"wp:attachment":[{"href":"https:\/\/sahruzseyda.com\/en\/wp-json\/wp\/v2\/media?parent=1684"}],"curies":[{"name":"wp","href":"https:\/\/api.w.org\/{rel}","templated":true}]}}